{"id":28597,"date":"2025-06-18T09:56:36","date_gmt":"2025-06-18T09:56:36","guid":{"rendered":"https:\/\/www.otajinemedhastanesi.com\/anlasmali-kurumlar\/"},"modified":"2025-06-18T11:57:58","modified_gmt":"2025-06-18T11:57:58","slug":"contracted-organizations","status":"publish","type":"page","link":"https:\/\/www.otajinemedhastanesi.com\/en\/contracted-organizations\/","title":{"rendered":"Contracted Organizations"},"content":{"rendered":"\t\t<div data-elementor-type=\"wp-page\" data-elementor-id=\"28597\" class=\"elementor elementor-28597 elementor-28559\">\n\t\t\t\t\t\t<section class=\"elementor-section elementor-top-section elementor-element elementor-element-502405b elementor-section-stretched elementor-section-boxed elementor-section-height-default elementor-section-height-default\" data-id=\"502405b\" data-element_type=\"section\" data-settings=\"{&quot;stretch_section&quot;:&quot;section-stretched&quot;,&quot;background_background&quot;:&quot;classic&quot;}\">\n\t\t\t\t\t\t\t<div class=\"elementor-background-overlay\"><\/div>\n\t\t\t\t\t\t\t<div class=\"elementor-container elementor-column-gap-default\">\n\t\t\t\t\t<div class=\"elementor-column elementor-col-100 elementor-top-column elementor-element elementor-element-260d66c\" data-id=\"260d66c\" data-element_type=\"column\">\n\t\t\t<div class=\"elementor-widget-wrap elementor-element-populated\">\n\t\t\t\t\t\t<div class=\"elementor-element elementor-element-bfaad39 elementor-widget elementor-widget-pix-sliding-text\" data-id=\"bfaad39\" data-element_type=\"widget\" data-widget_type=\"pix-sliding-text.default\">\n\t\t\t\t<div class=\"elementor-widget-container\">\n\t\t\t<div id=\"el-bfaad39\" class=\"mb-3 text-center \"><h3 class=\"mb-32 pix-sliding-headline-2 animate-in font-weight-bold secondary-font \" data-anim-type=\"pix-sliding-text\" pix-anim-delay=\"500\" data-class=\"secondary-font text-white\" style=\"\"><span class=\"slide-in-container \"><span class=\"pix-sliding-item secondary-font text-white\" style=\"transition-delay: 0ms;\">Contracted&#32;<\/span><\/span> <span class=\"slide-in-container \"><span class=\"pix-sliding-item secondary-font text-white\" style=\"transition-delay: 150ms;\">Organizations&#32;<\/span><\/span> <\/h3><\/div>\t\t<\/div>\n\t\t\t\t<\/div>\n\t\t\t\t\t<\/div>\n\t\t<\/div>\n\t\t\t\t\t<\/div>\n\t\t<\/section>\n\t\t\t\t<section class=\"elementor-section elementor-top-section elementor-element elementor-element-9313552 elementor-section-stretched elementor-section-full_width elementor-section-height-default elementor-section-height-default\" data-id=\"9313552\" data-element_type=\"section\" data-settings=\"{&quot;stretch_section&quot;:&quot;section-stretched&quot;}\">\n\t\t\t\t\t\t<div class=\"elementor-container elementor-column-gap-no\">\n\t\t\t\t\t<div class=\"elementor-column elementor-col-100 elementor-top-column elementor-element elementor-element-02c4605\" data-id=\"02c4605\" data-element_type=\"column\">\n\t\t\t<div class=\"elementor-widget-wrap elementor-element-populated\">\n\t\t\t\t\t\t<div class=\"elementor-element elementor-element-a89d307 elementor-widget elementor-widget-pix-dividers\" data-id=\"a89d307\" data-element_type=\"widget\" data-widget_type=\"pix-dividers.default\">\n\t\t\t\t<div class=\"elementor-widget-container\">\n\t\t\t<div class=\"pix-divider  position-relative pix-bottom-divider\" data-style=\"style-dynamic\" ><div class=\"pix-dividers-box w-100 position-relative d-inline-block\" >\n                    <svg class=\"pix-shape-dividers\"  viewBox=\"0 0 100 100\" preserveAspectRatio=\"none\">\n                        <defs><linearGradient id=\"divider-pix-accordion-931425-bottom-overlay-color-0\" x1=\"0%\" y1=\"0%\" x2=\"100%\" y2=\"0%\"><stop offset=\"0%\"   stop-color=\"rgba(248, 249, 250, 0.25)\"\/><stop offset=\"100%\"   stop-color=\"#F8F9FA\"\/><\/linearGradient><linearGradient id=\"divider-pix-accordion-931425-bottom-overlay-color-1\" x1=\"0%\" y1=\"0%\" x2=\"100%\" y2=\"0%\"><stop offset=\"0%\"   stop-color=\"rgba(248, 249, 250, 0.5)\"\/><stop offset=\"100%\"   stop-color=\"#F8F9FA\"\/><\/linearGradient><linearGradient id=\"divider-pix-accordion-931425-bottom-overlay-color-2\" x1=\"0%\" y1=\"0%\" x2=\"100%\" y2=\"0%\"><stop offset=\"0%\"   stop-color=\"#F8F9FA\"\/><stop offset=\"100%\"   stop-color=\"#F8F9FA\"\/><\/linearGradient><\/defs><path d=\"\" class=\"\" fill=\"url(#divider-pix-accordion-931425-bottom-overlay-color-0)\"><\/path><path d=\"\" class=\"\" fill=\"url(#divider-pix-accordion-931425-bottom-overlay-color-1)\"><\/path><path d=\"\" class=\"\" fill=\"url(#divider-pix-accordion-931425-bottom-overlay-color-2)\"><\/path>\n                    <\/svg>\n                <\/div><\/div>\t\t<\/div>\n\t\t\t\t<\/div>\n\t\t\t\t\t<\/div>\n\t\t<\/div>\n\t\t\t\t\t<\/div>\n\t\t<\/section>\n\t\t<div class=\"elementor-element elementor-element-e1c8cd9 e-flex e-con-boxed e-con e-parent\" data-id=\"e1c8cd9\" data-element_type=\"container\">\n\t\t\t\t\t<div class=\"e-con-inner\">\n\t\t\t\t<div class=\"elementor-element elementor-element-5efc424 elementor-widget elementor-widget-pix-vertical-tabs\" data-id=\"5efc424\" data-element_type=\"widget\" data-widget_type=\"pix-vertical-tabs.default\">\n\t\t\t\t<div class=\"elementor-widget-container\">\n\t\t\t<div class=\"\"  ><div class=\"row pix-waiting pix_tabs_container\"><div class=\"col-12 col-md-4 d-inline-block\"><div class=\"\" style=\"top:110px;\"><div class=\"nav pix_tabs_btns text-left flex-column nav-pills pix-pills-1\" role=\"tablist\" id=\"v-pills-tab\"  aria-orientation=\"vertical\" ><div class=\"nav-item\"><a class=\"nav-link pix-tabs-btn text-24 pix-px-25 py-2 my-2 font-weight-bold  \" data-id=\"5efc424-6e941d4\" role=\"tab\" id=\"pix-tab-btn-5efc424-6e941d4\" data-toggle=\"pill\" href=\"#pix-tab-5efc424-6e941d4\"  aria-controls=\"pix-tab-5efc424-6e941d4\">Insurance Companies<\/a><\/div><div class=\"nav-item\"><a class=\"nav-link pix-tabs-btn text-24 pix-px-25 py-2 my-2 font-weight-bold  \" data-id=\"5efc424-b1a5c2d\" role=\"tab\" id=\"pix-tab-btn-5efc424-b1a5c2d\" data-toggle=\"pill\" href=\"#pix-tab-5efc424-b1a5c2d\"  aria-controls=\"pix-tab-5efc424-b1a5c2d\">Banks<\/a><\/div><div class=\"nav-item\"><a class=\"nav-link pix-tabs-btn text-24 pix-px-25 py-2 my-2 font-weight-bold  \" data-id=\"5efc424-bb03002\" role=\"tab\" id=\"pix-tab-btn-5efc424-bb03002\" data-toggle=\"pill\" href=\"#pix-tab-5efc424-bb03002\"  aria-controls=\"pix-tab-5efc424-bb03002\">SGK<\/a><\/div><div class=\"nav-item\"><a class=\"nav-link pix-tabs-btn text-24 pix-px-25 py-2 my-2 font-weight-bold  \" data-id=\"5efc424-9720dc4\" role=\"tab\" id=\"pix-tab-btn-5efc424-9720dc4\" data-toggle=\"pill\" href=\"#pix-tab-5efc424-9720dc4\"  aria-controls=\"pix-tab-5efc424-9720dc4\">Complementary Health Insurance<\/a><\/div><div class=\"nav-item\"><a class=\"nav-link pix-tabs-btn text-24 pix-px-25 py-2 my-2 font-weight-bold  \" data-id=\"5efc424-8d298b5\" role=\"tab\" id=\"pix-tab-btn-5efc424-8d298b5\" data-toggle=\"pill\" href=\"#pix-tab-5efc424-8d298b5\"  aria-controls=\"pix-tab-5efc424-8d298b5\">Organizations<\/a><\/div><\/div><\/div><\/div><div class=\"col-12 col-md-8 d-inline-block\"><div class=\"pix_tabs_content\"><div class=\"tab-content \"><div class=\"tab-pane  show \" role=\"tabpanel\" data-toggle2=\"tab\" id=\"pix-tab-5efc424-6e941d4\" data-bold=\"\" data-italic=\"\" data-secondary=\"\" data-id=\"5efc424-6e941d4\" data-icon=\"\" data-title=\"Insurance Companies\" aria-labelledby=\"pix-tab-5efc424-6e941d4\"><table class=\"worksheet showGridlines\"><tbody><tr><td class=\"s1\">ACIBADEM-BUPA \u00d6SS<\/td><\/tr><tr><td class=\"s1\">AKBANK T.A.\u015e.MENSUPLARI TEKA\u00dcT SANDI\u011eI<\/td><\/tr><tr><td class=\"s1\">ALL\u0130ANZ \u00d6SS<\/td><\/tr><tr><td class=\"s1\">ANADOLU \u00d6SS<\/td><\/tr><tr><td class=\"s1\">AXA \u00d6SS<\/td><\/tr><tr><td class=\"s1\">DEM\u0130R \u00d6SS<\/td><\/tr><tr><td class=\"s1\">GROUPAMA \u00d6SS<\/td><\/tr><tr><td class=\"s1\">\u0130MECE-ANA S\u0130GORTA \u00d6SS<\/td><\/tr><tr><td class=\"s1\">\u0130MECE-ANKARA \u00a0ANON\u0130M \u00d6SS<\/td><\/tr><tr><td class=\"s1\">\u0130MECE-AREX S\u0130GORTA \u00d6SS<\/td><\/tr><tr><td class=\"s1\">\u0130MECE-AVEON S\u0130GORTA \u00d6SS<\/td><\/tr><tr><td class=\"s1\">\u0130MECE-DOGA S\u0130GORTA \u00d6SS<\/td><\/tr><tr><td class=\"s1\">\u0130MECE-GENERAL\u0130 S\u0130GORTA \u00d6SS<\/td><\/tr><tr><td class=\"s1\">\u0130MECE-MAGDEBURGER S\u0130GORTA \u00a0\u00d6SS<\/td><\/tr><tr><td class=\"s1\">\u0130MECE-NN HAYAT VE EMEKL\u0130L\u0130K \u00d6SS<\/td><\/tr><tr><td class=\"s1\">\u0130MECE-PR\u0130VE S\u0130GORTA \u00d6SS<\/td><\/tr><tr><td class=\"s1\">\u0130MECE-QU\u0130CK S\u0130GORTA \u00d6SS<\/td><\/tr><tr><td class=\"s1\">\u0130MECE-T\u00dcRK N\u0130PPON \u00d6SS<\/td><\/tr><tr><td class=\"s1\">\u0130MECE-UN\u0130CO S\u0130GORTA \u00d6SS<\/td><\/tr><tr><td class=\"s1\">MAPFRE S\u0130GORTA A.\u015e \u00d6SS<\/td><\/tr><tr><td class=\"s1\">SENCARD PARTNERS<\/td><\/tr><tr><td class=\"s1\">SENCARD-CORPUS S\u0130GORTA<\/td><\/tr><tr><td class=\"s1\">SENCARD-FORT\u0130S BANK \u00d6SS<\/td><\/tr><tr><td class=\"s1\">SENCARD-GIG S\u0130GORTA \u00a0A.\u015e<\/td><\/tr><tr><td class=\"s1\">SENCARD-KATILIM SA\u011eLIK \u00d6SS<\/td><\/tr><tr><td class=\"s1\">SENCARD-MED\u0130SA \u00d6SS<\/td><\/tr><tr><td class=\"s1\">SENCARD-RAY S\u0130GORTA \u00d6SS<\/td><\/tr><tr><td class=\"s1\">SENCARD-SOMPO S\u0130GORTA \u00d6SS<\/td><\/tr><tr><td class=\"s1\">SENCARD-ZURICH S\u0130GORTA \u00a0A.\u015e. \u00d6SS<\/td><\/tr><tr><td class=\"s1\">T\u00dcRK\u0130YE S\u0130GORTA \u00d6SS<\/td><\/tr><\/tbody><\/table><\/div><div class=\"tab-pane  show \" role=\"tabpanel\" data-toggle2=\"tab\" id=\"pix-tab-5efc424-b1a5c2d\" data-bold=\"\" data-italic=\"\" data-secondary=\"\" data-id=\"5efc424-b1a5c2d\" data-icon=\"\" data-title=\"Banks\" aria-labelledby=\"pix-tab-5efc424-b1a5c2d\"><table class=\"worksheet showGridlines\">\n<tbody>\n<tr>\n<td class=\"s1\">ANADOLU S\u0130GORTA EMEKL\u0130 SANDI\u011eI<\/td>\n<\/tr>\n<tr>\n<td class=\"s1\">ESBANK T.A.\u015e.<\/td>\n<\/tr>\n<tr>\n<td class=\"s1\">HALK BANK<\/td>\n<\/tr>\n<tr>\n<td class=\"s1\">MERKEZ\u0130 KAYIT KURULU\u015e<\/td>\n<\/tr>\n<tr>\n<td class=\"s1\">M\u0130LL\u0130 REAS\u00dcRANS<\/td>\n<\/tr>\n<tr>\n<td class=\"s1\">\u015eEKER BANK<\/td>\n<\/tr>\n<tr>\n<td class=\"s1\">YAPI KRED\u0130 EMEKL\u0130 SANDI\u011eI VAKFI<\/td>\n<\/tr>\n<tr>\n<td class=\"s1\">ZH (Mensuplar\u0131 Emekli ve Yard\u0131m Sand\u0131\u011f\u0131)<\/td>\n<\/tr>\n<\/tbody>\n<\/table><\/div><div class=\"tab-pane  show \" role=\"tabpanel\" data-toggle2=\"tab\" id=\"pix-tab-5efc424-bb03002\" data-bold=\"\" data-italic=\"\" data-secondary=\"\" data-id=\"5efc424-bb03002\" data-icon=\"\" data-title=\"SGK\" aria-labelledby=\"pix-tab-5efc424-bb03002\"><table class=\"worksheet showGridlines\">\n<tbody>\n<tr>\n<td class=\"s1\">ANADOLU S\u0130GORTA EMEKL\u0130 SANDI\u011eI<\/td>\n<\/tr>\n<tr>\n<td class=\"s1\">ESBANK T.A.\u015e.<\/td>\n<\/tr>\n<tr>\n<td class=\"s1\">HALK BANK<\/td>\n<\/tr>\n<tr>\n<td class=\"s1\">MERKEZ\u0130 KAYIT KURULU\u015e<\/td>\n<\/tr>\n<tr>\n<td class=\"s1\">M\u0130LL\u0130 REAS\u00dcRANS<\/td>\n<\/tr>\n<tr>\n<td class=\"s1\">\u015eEKER BANK<\/td>\n<\/tr>\n<tr>\n<td class=\"s1\">YAPI KRED\u0130 EMEKL\u0130 SANDI\u011eI VAKFI<\/td>\n<\/tr>\n<tr>\n<td class=\"s1\">ZH (Mensuplar\u0131 Emekli ve Yard\u0131m Sand\u0131\u011f\u0131)<\/td>\n<\/tr>\n<\/tbody>\n<\/table><\/div><div class=\"tab-pane  show \" role=\"tabpanel\" data-toggle2=\"tab\" id=\"pix-tab-5efc424-9720dc4\" data-bold=\"\" data-italic=\"\" data-secondary=\"\" data-id=\"5efc424-9720dc4\" data-icon=\"\" data-title=\"Complementary Health Insurance\" aria-labelledby=\"pix-tab-5efc424-9720dc4\"><table class=\"worksheet showGridlines\">\n<tbody>\n<tr>\n<td class=\"s1\">ALL\u0130ANZ KARMA<\/td>\n<\/tr>\n<tr>\n<td class=\"s1\">ALL\u0130ANZ TSS<\/td>\n<\/tr>\n<tr>\n<td class=\"s1\">AXA TSS<\/td>\n<\/tr>\n<tr>\n<td class=\"s1\">DEM\u0130R TSS<\/td>\n<\/tr>\n<tr>\n<td class=\"s1\">\u0130MECE-ANA S\u0130GORTA TSS<\/td>\n<\/tr>\n<tr>\n<td class=\"s1\">\u0130MECE-AVEON TSS K\u0130\u015e\u0130 \u00d6DEMEL\u0130<\/td>\n<\/tr>\n<tr>\n<td class=\"s1\">\u0130MECE-DO\u011eA S\u0130GORTA TSS<\/td>\n<\/tr>\n<tr>\n<td class=\"s1\">\u0130MECE-ETH\u0130CA TSS<\/td>\n<\/tr>\n<tr>\n<td class=\"s1\">\u0130MECE-MAGDEBURGER TSS<\/td>\n<\/tr>\n<tr>\n<td class=\"s1\">\u0130MECE-NEOVA S\u0130GORTA TSS<\/td>\n<\/tr>\n<tr>\n<td class=\"s1\">\u0130MECE-PR\u0130VE S\u0130GORTA TSS<\/td>\n<\/tr>\n<tr>\n<td class=\"s1\">\u0130MECE-QU\u0130CK TSS<\/td>\n<\/tr>\n<tr>\n<td class=\"s1\">\u0130MECE-REFERANS TSS<\/td>\n<\/tr>\n<tr>\n<td class=\"s1\">\u0130MECE-T\u00dcRK N\u0130PPON TSS<\/td>\n<\/tr>\n<tr>\n<td class=\"s1\">\u0130MECE-ZURICH S\u0130GORTA TSS<\/td>\n<\/tr>\n<tr>\n<td class=\"s1\">MAPFRE S\u0130GORTA TSS<\/td>\n<\/tr>\n<tr>\n<td class=\"s1\">SENCARD-ACNT\u00dcRK TSS<\/td>\n<\/tr>\n<tr>\n<td class=\"s1\">SENCARD-ANKARA S\u0130GORTA TSS<\/td>\n<\/tr>\n<tr>\n<td class=\"s1\">SENCARD-HEP \u0130Y\u0130 TSS<\/td>\n<\/tr>\n<tr>\n<td class=\"s1\">SENCARD-KATILIM SA\u011eLIK TSS<\/td>\n<\/tr>\n<tr>\n<td class=\"s1\">SENCARD-MED\u0130SA S\u0130GORTA TSS<\/td>\n<\/tr>\n<tr>\n<td class=\"s1\">SENCARD-METL\u0130FE EMEKL\u0130L\u0130K TSS<\/td>\n<\/tr>\n<tr>\n<td class=\"s1\">SENCARD-QNB SA\u011eLIK TSS<\/td>\n<\/tr>\n<tr>\n<td class=\"s1\">SENCARD-RAY S\u0130GORTA TSS<\/td>\n<\/tr>\n<tr>\n<td class=\"s1\">SENCARD-SOMPO S\u0130GORTA TSS<\/td>\n<\/tr>\n<tr>\n<td class=\"s1\">SENCARD-T\u00dcRK\u0130YE KATILIM TSS<\/td>\n<\/tr>\n<tr>\n<td class=\"s1\">SENCARD-ZUR\u0130CH S\u0130GORTA TSS<\/td>\n<\/tr>\n<tr>\n<td class=\"s1\">T\u00dcRK\u0130YE S\u0130GORTA TSS<\/td>\n<\/tr>\n<\/tbody>\n<\/table><\/div><div class=\"tab-pane  show \" role=\"tabpanel\" data-toggle2=\"tab\" id=\"pix-tab-5efc424-8d298b5\" data-bold=\"\" data-italic=\"\" data-secondary=\"\" data-id=\"5efc424-8d298b5\" data-icon=\"\" data-title=\"Organizations\" aria-labelledby=\"pix-tab-5efc424-8d298b5\"><table class=\"worksheet showGridlines\"><tbody><tr><td class=\"s1\">A\u0130D ASS\u0130STANCE MED.DEST.H\u0130ZM.LTD.\u015eT\u0130.<\/td><\/tr><tr><td class=\"s1\">APRIL T\u00dcRK\u0130YE<\/td><\/tr><tr><td class=\"s1\">ARMATRAN OTOMOT\u0130V DI\u015e T\u0130CARET ANON\u0130M \u015e\u0130R<\/td><\/tr><tr><td class=\"s1\">ARUP M\u00dcHEND\u0130SL\u0130K VE M\u00dc\u015eAV\u0130RL\u0130K LTD.\u015eT\u0130<\/td><\/tr><tr><td class=\"s1\">ASUMAN ECZANES\u0130<\/td><\/tr><tr><td class=\"s1\">ATV TURKUVAZ MEDYA GRUBU<\/td><\/tr><tr><td class=\"s1\">BEL\u00c7\u0130KA KONSOLOSLU\u011eU<\/td><\/tr><tr><td class=\"s1\">BENEFIT GLOBAL ASSISTANCE DANI\u015eMANLIK H\u0130<\/td><\/tr><tr><td class=\"s1\">BE\u015e\u0130KTA\u015e BELED\u0130YES\u0130<\/td><\/tr><tr><td class=\"s1\">Bilgili Holding<\/td><\/tr><tr><td class=\"s1\">B\u0130R ADIM SA\u011eLIK E\u011e\u0130T\u0130M ARA\u015eTIRMA DANI\u015e S<\/td><\/tr><tr><td class=\"s1\">CARAT MED\u0130A<\/td><\/tr><tr><td class=\"s1\">DAG\u0130 G\u0130Y\u0130M SANAY\u0130 VE T\u0130CARET A\u015e<\/td><\/tr><tr><td class=\"s1\">DANI\u015eTAY<\/td><\/tr><tr><td class=\"s1\">DENT \u0130STANBUL<\/td><\/tr><tr><td class=\"s1\">DO\u011eAKENT S\u0130TES\u0130<\/td><\/tr><tr><td class=\"s1\">D\u00d6RTEL G\u00dcMR\u00dcK<\/td><\/tr><tr><td class=\"s1\">EFM \u00d6ZEL G\u00dcVENL\u0130K H\u0130Z.A.\u015e.<\/td><\/tr><tr><td class=\"s1\">EFM TES\u0130S Y\u00d6NET\u0130M\u0130 VE SERV\u0130S H\u0130ZMETLER\u0130<\/td><\/tr><tr><td class=\"s1\">ELKON<\/td><\/tr><tr><td class=\"s1\">EMED \u0130NTERNAT\u0130ONAL<\/td><\/tr><tr><td class=\"s1\">ENKA \u0130KT\u0130SAD\u0130<\/td><\/tr><tr><td class=\"s1\">ENKA VAKIF<\/td><\/tr><tr><td class=\"s1\">ERC ESTET\u0130K TUR\u0130ZM SA\u011eLIK H\u0130ZMETLER\u0130 T\u0130C<\/td><\/tr><tr><td class=\"s1\">ERDEML\u0130 PROJE M\u00dc\u015eAV\u0130RL\u0130K SANAY\u0130\u0130 VE T\u0130CA<\/td><\/tr><tr><td class=\"s1\">ESTEHA\u0130R SA\u00c7 EK\u0130M\u0130 ESTET\u0130K VE CERRAH\u0130 H\u0130<\/td><\/tr><tr><td class=\"s1\">FOX T.V<\/td><\/tr><tr><td class=\"s1\">FRANSIZ KONSOLOSLU\u011eU<\/td><\/tr><tr><td class=\"s1\">GALATASARAY \u00dcN\u0130VERS\u0130TES\u0130<\/td><\/tr><tr><td class=\"s1\">Gen-pa Telekom\u00fcnikasyon ve \u0130leti\u015fim Hizm<\/td><\/tr><tr><td class=\"s1\">GSG Avukatl\u0131k Ortakl\u0131\u011f\u0131<\/td><\/tr><tr><td class=\"s1\">G\u00dcNAYDIN EVDE BAKIM DESTEK<\/td><\/tr><tr><td class=\"s1\">HATTAT SA\u011eLIK H\u0130ZMETLER\u0130 LTD.\u015eT\u0130<\/td><\/tr><tr><td class=\"s1\">HERPA<\/td><\/tr><tr><td class=\"s1\">HOSP\u0130TAL PO\u0130NT<\/td><\/tr><tr><td class=\"s1\">IVF TUB\u0130MDER<\/td><\/tr><tr><td class=\"s1\">\u0130STANBUL M\u0130KRO CERRAH\u0130 SA\u011eLIK H\u0130Z. A.\u015e.<\/td><\/tr><tr><td class=\"s1\">\u0130STANBUL SANAY\u0130 ODASI<\/td><\/tr><tr><td class=\"s1\">\u0130SVE\u00c7 KL\u0130N\u0130K<\/td><\/tr><tr><td class=\"s1\">Johnson Controls<\/td><\/tr><tr><td class=\"s1\">KENT F\u0130NANS FAKTOR\u0130NG ANON\u0130M \u015e\u0130RKET\u0130<\/td><\/tr><tr><td class=\"s1\">KETEN \u0130N\u015eAAT<\/td><\/tr><tr><td class=\"s1\">KFC<\/td><\/tr><tr><td class=\"s1\">KOLLEKT\u0130F TUR\u0130ZM<\/td><\/tr><tr><td class=\"s1\">LOGGERS REKLAM<\/td><\/tr><tr><td class=\"s1\">LUCENT DEN\u0130ZC\u0130L\u0130K<\/td><\/tr><tr><td class=\"s1\">MARM AS\u0130STANCE<\/td><\/tr><tr><td class=\"s1\">MAYDAY \u00d6ZEL SA\u011eLIK H\u0130ZMETLER\u0130 TUR\u0130ZM \u0130TH<\/td><\/tr><tr><td class=\"s1\">MC HEALTH GRUP<\/td><\/tr><tr><td class=\"s1\">MED\u0130KALYAPI SA\u011eLIK YATIRIMLARI ANON\u0130M \u015e\u0130<\/td><\/tr><tr><td class=\"s1\">MEDLINE ALARM SA\u011eLIK H\u0130Z. A.\u015e.<\/td><\/tr><tr><td class=\"s1\">MEDLOG LOJ\u0130ST\u0130K GEM\u0130C\u0130L\u0130K<\/td><\/tr><tr><td class=\"s1\">MeetCilinics<\/td><\/tr><tr><td class=\"s1\">MOMESTE CL\u0130N\u0130K<\/td><\/tr><tr><td class=\"s1\">MONETA \u00a0AS\u0130STANS<\/td><\/tr><tr><td class=\"s1\">MSC Gemi Acenteli\u011fi Anonim \u015eirketi<\/td><\/tr><tr><td class=\"s1\">NAKKA\u015e DEN\u0130ZC\u0130L\u0130K<\/td><\/tr><tr><td class=\"s1\">NET R\u0130SK Y\u00d6NET\u0130M\u0130 VE DESTEK H\u0130ZMETLER\u0130 A<\/td><\/tr><tr><td class=\"s1\">OUTDOOR FACTORY<\/td><\/tr><tr><td class=\"s1\">P\u0130ZZA HUT<\/td><\/tr><tr><td class=\"s1\">POL\u0130MEKS \u0130N\u015eAAT TAAHH\u00dcT VE SANAY\u0130 T\u0130CARE<\/td><\/tr><tr><td class=\"s1\">PwC Ba\u011f\u0131ms\u0131z Denetim ve Serbest Muhasebe<\/td><\/tr><tr><td class=\"s1\">PWC DANI\u015eMANLIK H\u0130Z.A.\u015e<\/td><\/tr><tr><td class=\"s1\">PWC \u0130\u015e DANI\u015eMANLI\u011eI A.\u015e<\/td><\/tr><tr><td class=\"s1\">PWC SMMM LTD \u015eT\u0130<\/td><\/tr><tr><td class=\"s1\">PWC V\u0130ALTO<\/td><\/tr><tr><td class=\"s1\">PwC Yeminli Mali M\u00fc\u015favirlik A.\u015e.<\/td><\/tr><tr><td class=\"s1\">PWC Y\u00d6NET\u0130M DANI\u015eMANLI\u011eI A.\u015e<\/td><\/tr><tr><td class=\"s1\">REMED<\/td><\/tr><tr><td class=\"s1\">REMO ASS\u0130STANCE DESTEK H\u0130ZMETLER\u0130 A.\u015e.<\/td><\/tr><tr><td class=\"s1\">RITZ CARLTON<\/td><\/tr><tr><td class=\"s1\">ROTACORP<\/td><\/tr><tr><td class=\"s1\">R\u00d6NESANS HOLD\u0130NG<\/td><\/tr><tr><td class=\"s1\">SMART AS\u0130STANCE<\/td><\/tr><tr><td class=\"s1\">SOM YAPI<\/td><\/tr><tr><td class=\"s1\">S\u00dcZER GAYRIMENKUL YATIRIM A.\u015e.<\/td><\/tr><tr><td class=\"s1\">S\u00dcZER HOLD\u0130NG<\/td><\/tr><tr><td class=\"s1\">\u015ei\u015fli Belediyesi<\/td><\/tr><tr><td class=\"s1\">T.B.M.M.<\/td><\/tr><tr><td class=\"s1\">T.C. MERKEZ BANKASI<\/td><\/tr><tr><td class=\"s1\">TEKFEN HOLD\u0130NG<\/td><\/tr><tr><td class=\"s1\">TEKFEN \u0130MALAT VE M\u00dcHEND\u0130SL\u0130K<\/td><\/tr><tr><td class=\"s1\">TEKFEN M\u00dcHEND\u0130SL\u0130K \u00a0A.\u015e<\/td><\/tr><tr><td class=\"s1\">Tekfen Sigorta Arac\u0131l\u0131k Hizmetleri A.\u015e<\/td><\/tr><tr><td class=\"s1\">TEKFEN TUR\u0130ZM A.\u015e<\/td><\/tr><tr><td class=\"s1\">TEKNOS\u0130N KODLAMA S\u0130STEMLER\u0130 SANAY\u0130 VE T\u0130<\/td><\/tr><tr><td class=\"s1\">TESLA SA\u011eLIK H\u0130ZMETLER\u0130 A.\u015e.<\/td><\/tr><tr><td class=\"s1\">TETAKAZAN<\/td><\/tr><tr><td class=\"s1\">TMSF<\/td><\/tr><tr><td class=\"s1\">TO\u00c7EV<\/td><\/tr><tr><td class=\"s1\">TOROS TARIM A.\u015e<\/td><\/tr><tr><td class=\"s1\">TSKB<\/td><\/tr><tr><td class=\"s1\">TTB<\/td><\/tr><tr><td class=\"s1\">TURGUT \u0130LA\u00c7<\/td><\/tr><tr><td class=\"s1\">T\u00fcrk E\u011fitim Vakf\u0131<\/td><\/tr><tr><td class=\"s1\">T\u00dcRK\u0130YE \u0130\u015e BANKASI<\/td><\/tr><tr><td class=\"s1\">T\u00dcRK\u0130YE SINA\u0130 KALKINMA BANKASI ANON\u0130M \u015e\u0130<\/td><\/tr><tr><td class=\"s1\">T\u00dcRSAB<\/td><\/tr><tr><td class=\"s1\">UMAX HEALTHCARE<\/td><\/tr><tr><td class=\"s1\">UN\u0130CEF<\/td><\/tr><tr><td class=\"s1\">Unita Sa\u011fl\u0131k Hizmetleri<\/td><\/tr><tr><td class=\"s1\">V\u0130ATR\u0130S<\/td><\/tr><\/tbody><\/table><\/div><\/div><\/div><\/div><\/div><\/div>\t\t<\/div>\n\t\t\t\t<\/div>\n\t\t\t\t\t<\/div>\n\t\t\t\t<\/div>\n\t\t\t\t<\/div>\n\t\t","protected":false},"excerpt":{"rendered":"<p>Contracted&#32; Organizations&#32; Insurance CompaniesBanksSGKComplementary Health InsuranceOrganizations ACIBADEM-BUPA \u00d6SS AKBANK T.A.\u015e.MENSUPLARI TEKA\u00dcT SANDI\u011eI ALL\u0130ANZ \u00d6SS ANADOLU \u00d6SS AXA \u00d6SS DEM\u0130R \u00d6SS GROUPAMA \u00d6SS \u0130MECE-ANA S\u0130GORTA \u00d6SS \u0130MECE-ANKARA \u00a0ANON\u0130M \u00d6SS \u0130MECE-AREX S\u0130GORTA \u00d6SS \u0130MECE-AVEON S\u0130GORTA \u00d6SS \u0130MECE-DOGA S\u0130GORTA \u00d6SS \u0130MECE-GENERAL\u0130 S\u0130GORTA \u00d6SS&#8230;<\/p>\n","protected":false},"author":1,"featured_media":0,"parent":0,"menu_order":0,"comment_status":"closed","ping_status":"closed","template":"","meta":{"_acf_changed":false,"footnotes":""},"class_list":["post-28597","page","type-page","status-publish","hentry"],"acf":[],"_links":{"self":[{"href":"https:\/\/www.otajinemedhastanesi.com\/en\/wp-json\/wp\/v2\/pages\/28597","targetHints":{"allow":["GET"]}}],"collection":[{"href":"https:\/\/www.otajinemedhastanesi.com\/en\/wp-json\/wp\/v2\/pages"}],"about":[{"href":"https:\/\/www.otajinemedhastanesi.com\/en\/wp-json\/wp\/v2\/types\/page"}],"author":[{"embeddable":true,"href":"https:\/\/www.otajinemedhastanesi.com\/en\/wp-json\/wp\/v2\/users\/1"}],"replies":[{"embeddable":true,"href":"https:\/\/www.otajinemedhastanesi.com\/en\/wp-json\/wp\/v2\/comments?post=28597"}],"version-history":[{"count":8,"href":"https:\/\/www.otajinemedhastanesi.com\/en\/wp-json\/wp\/v2\/pages\/28597\/revisions"}],"predecessor-version":[{"id":28626,"href":"https:\/\/www.otajinemedhastanesi.com\/en\/wp-json\/wp\/v2\/pages\/28597\/revisions\/28626"}],"wp:attachment":[{"href":"https:\/\/www.otajinemedhastanesi.com\/en\/wp-json\/wp\/v2\/media?parent=28597"}],"curies":[{"name":"wp","href":"https:\/\/api.w.org\/{rel}","templated":true}]}}